{"id":1260,"date":"2023-01-20T09:45:24","date_gmt":"2023-01-20T08:45:24","guid":{"rendered":"https:\/\/www.takeeateasy.es\/?post_type=product&#038;p=1260"},"modified":"2026-02-09T15:52:52","modified_gmt":"2026-02-09T14:52:52","slug":"pollastre-verdures-al-vapor","status":"publish","type":"product","link":"https:\/\/www.takeeateasy.es\/ca\/plats-preparats\/pollastre-verdures-al-vapor\/","title":{"rendered":"POLLASTRE &#038; VERDURES AL VAPOR"},"content":{"rendered":"<p>Un plat suau per a un \u00e0pat lleuger, baix en calories. Pollastre cuinat lentament que aporta una textura melosa, acompanyat de coliflor, pastanaga de dos colors, br\u00f3quil i mongeta tendre. Amanit amb oli de girasol alt oleix i un toc de pebre negre molt.<\/p>\n<p>Raci\u00f3 individual completa de 360 grams com plat \u00fanico saludable. +15 dies caducitat. Micro 2-3 minuts.<\/p>\n<p>Safata 100% reciclable. PRODUCTE REFRIGERAT.<\/p>\n<p><img loading=\"lazy\" decoding=\"async\" class=\"aligncenter wp-image-684\" src=\"https:\/\/www.takeeateasy.es\/wp-content\/uploads\/2022\/05\/03_WEB_TEE_BannerAlergenos_ES.png\" alt=\"\" width=\"700\" height=\"159\" srcset=\"https:\/\/www.takeeateasy.es\/wp-content\/uploads\/2022\/05\/03_WEB_TEE_BannerAlergenos_ES.png 1100w, https:\/\/www.takeeateasy.es\/wp-content\/uploads\/2022\/05\/03_WEB_TEE_BannerAlergenos_ES-300x68.png 300w, https:\/\/www.takeeateasy.es\/wp-content\/uploads\/2022\/05\/03_WEB_TEE_BannerAlergenos_ES-1024x233.png 1024w, https:\/\/www.takeeateasy.es\/wp-content\/uploads\/2022\/05\/03_WEB_TEE_BannerAlergenos_ES-768x175.png 768w, https:\/\/www.takeeateasy.es\/wp-content\/uploads\/2022\/05\/03_WEB_TEE_BannerAlergenos_ES-600x136.png 600w\" sizes=\"(max-width: 700px) 100vw, 700px\" \/><\/p>\n","protected":false},"excerpt":{"rendered":"<p>Un plat suau per a un \u00e0pat lleuger, baix en calories. Pollastre cuinat lentament que aporta una textura melosa, acompanyat de coliflor, pastanaga de dos colors, br\u00f3quil i mongeta tendre. Amanit amb oli de girasol alt oleix i un toc de pebre negre molt. Raci\u00f3 individual completa de 360 grams com plat \u00fanico saludable. +15 [&hellip;]<\/p>\n","protected":false},"featured_media":1312,"template":"","meta":{"_acf_changed":false},"product_cat":[37],"product_tag":[],"class_list":{"0":"post-1260","1":"product","2":"type-product","3":"status-publish","4":"has-post-thumbnail","6":"product_cat-04-pollastre","8":"first","9":"instock","10":"taxable","11":"shipping-taxable","12":"purchasable","13":"product-type-simple"},"acf":[],"yoast_head":"<!-- This site is optimized with the Yoast SEO plugin v25.6 - https:\/\/yoast.com\/wordpress\/plugins\/seo\/ -->\n<title>Pollastre i verdures al vapor | Take Eat Easy<\/title>\n<meta name=\"description\" content=\"Pollastre amb verdures al vapor de Take Eat Easy. Un plat suau per a un \u00e0pat lleuger, baix en calories. Prova&#039;l ara!\" \/>\n<meta name=\"robots\" content=\"index, follow, max-snippet:-1, max-image-preview:large, max-video-preview:-1\" \/>\n<link rel=\"canonical\" href=\"https:\/\/www.takeeateasy.es\/ca\/plats-preparats\/pollastre-verdures-al-vapor\/\" \/>\n<meta property=\"og:locale\" content=\"ca_ES\" \/>\n<meta property=\"og:type\" content=\"article\" \/>\n<meta property=\"og:title\" content=\"Pollastre i verdures al vapor | Take Eat Easy\" \/>\n<meta property=\"og:description\" content=\"Pollastre amb verdures al vapor de Take Eat Easy. Un plat suau per a un \u00e0pat lleuger, baix en calories. Prova&#039;l ara!\" \/>\n<meta property=\"og:url\" content=\"https:\/\/www.takeeateasy.es\/ca\/plats-preparats\/pollastre-verdures-al-vapor\/\" \/>\n<meta property=\"og:site_name\" content=\"Take Eat Easy\" \/>\n<meta property=\"article:modified_time\" content=\"2026-02-09T14:52:52+00:00\" \/>\n<meta property=\"og:image\" content=\"https:\/\/www.takeeateasy.es\/wp-content\/uploads\/2023\/01\/Diseno-sin-titulo-2023-01-20T133446.178.png\" \/>\n\t<meta property=\"og:image:width\" content=\"800\" \/>\n\t<meta property=\"og:image:height\" content=\"534\" \/>\n\t<meta property=\"og:image:type\" content=\"image\/png\" \/>\n<meta name=\"twitter:card\" content=\"summary_large_image\" \/>\n<meta name=\"twitter:label1\" content=\"Temps estimat de lectura\" \/>\n\t<meta name=\"twitter:data1\" content=\"1 minut\" \/>\n<script type=\"application\/ld+json\" class=\"yoast-schema-graph\">{\"@context\":\"https:\/\/schema.org\",\"@graph\":[{\"@type\":\"WebPage\",\"@id\":\"https:\/\/www.takeeateasy.es\/ca\/plats-preparats\/pollastre-verdures-al-vapor\/\",\"url\":\"https:\/\/www.takeeateasy.es\/ca\/plats-preparats\/pollastre-verdures-al-vapor\/\",\"name\":\"Pollastre i verdures al vapor | Take Eat Easy\",\"isPartOf\":{\"@id\":\"https:\/\/www.takeeateasy.es\/#website\"},\"primaryImageOfPage\":{\"@id\":\"https:\/\/www.takeeateasy.es\/ca\/plats-preparats\/pollastre-verdures-al-vapor\/#primaryimage\"},\"image\":{\"@id\":\"https:\/\/www.takeeateasy.es\/ca\/plats-preparats\/pollastre-verdures-al-vapor\/#primaryimage\"},\"thumbnailUrl\":\"https:\/\/www.takeeateasy.es\/wp-content\/uploads\/2023\/01\/Diseno-sin-titulo-2023-01-20T133446.178.png\",\"datePublished\":\"2023-01-20T08:45:24+00:00\",\"dateModified\":\"2026-02-09T14:52:52+00:00\",\"description\":\"Pollastre amb verdures al vapor de Take Eat Easy. Un plat suau per a un \u00e0pat lleuger, baix en calories. Prova'l ara!\",\"breadcrumb\":{\"@id\":\"https:\/\/www.takeeateasy.es\/ca\/plats-preparats\/pollastre-verdures-al-vapor\/#breadcrumb\"},\"inLanguage\":\"ca\",\"potentialAction\":[{\"@type\":\"ReadAction\",\"target\":[\"https:\/\/www.takeeateasy.es\/ca\/plats-preparats\/pollastre-verdures-al-vapor\/\"]}]},{\"@type\":\"ImageObject\",\"inLanguage\":\"ca\",\"@id\":\"https:\/\/www.takeeateasy.es\/ca\/plats-preparats\/pollastre-verdures-al-vapor\/#primaryimage\",\"url\":\"https:\/\/www.takeeateasy.es\/wp-content\/uploads\/2023\/01\/Diseno-sin-titulo-2023-01-20T133446.178.png\",\"contentUrl\":\"https:\/\/www.takeeateasy.es\/wp-content\/uploads\/2023\/01\/Diseno-sin-titulo-2023-01-20T133446.178.png\",\"width\":800,\"height\":534},{\"@type\":\"BreadcrumbList\",\"@id\":\"https:\/\/www.takeeateasy.es\/ca\/plats-preparats\/pollastre-verdures-al-vapor\/#breadcrumb\",\"itemListElement\":[{\"@type\":\"ListItem\",\"position\":1,\"name\":\"Portada\",\"item\":\"https:\/\/www.takeeateasy.es\/ca\/\"},{\"@type\":\"ListItem\",\"position\":2,\"name\":\"Shop\",\"item\":\"https:\/\/www.takeeateasy.es\/ca\/shop\/\"},{\"@type\":\"ListItem\",\"position\":3,\"name\":\"POLLASTRE &#038; VERDURES AL VAPOR\"}]},{\"@type\":\"WebSite\",\"@id\":\"https:\/\/www.takeeateasy.es\/#website\",\"url\":\"https:\/\/www.takeeateasy.es\/\",\"name\":\"Take Eat Easy\",\"description\":\"\",\"potentialAction\":[{\"@type\":\"SearchAction\",\"target\":{\"@type\":\"EntryPoint\",\"urlTemplate\":\"https:\/\/www.takeeateasy.es\/?s={search_term_string}\"},\"query-input\":{\"@type\":\"PropertyValueSpecification\",\"valueRequired\":true,\"valueName\":\"search_term_string\"}}],\"inLanguage\":\"ca\"}]}<\/script>\n<!-- \/ Yoast SEO plugin. -->","yoast_head_json":{"title":"Pollastre i verdures al vapor | Take Eat Easy","description":"Pollastre amb verdures al vapor de Take Eat Easy. Un plat suau per a un \u00e0pat lleuger, baix en calories. Prova'l ara!","robots":{"index":"index","follow":"follow","max-snippet":"max-snippet:-1","max-image-preview":"max-image-preview:large","max-video-preview":"max-video-preview:-1"},"canonical":"https:\/\/www.takeeateasy.es\/ca\/plats-preparats\/pollastre-verdures-al-vapor\/","og_locale":"ca_ES","og_type":"article","og_title":"Pollastre i verdures al vapor | Take Eat Easy","og_description":"Pollastre amb verdures al vapor de Take Eat Easy. Un plat suau per a un \u00e0pat lleuger, baix en calories. Prova'l ara!","og_url":"https:\/\/www.takeeateasy.es\/ca\/plats-preparats\/pollastre-verdures-al-vapor\/","og_site_name":"Take Eat Easy","article_modified_time":"2026-02-09T14:52:52+00:00","og_image":[{"width":800,"height":534,"url":"https:\/\/www.takeeateasy.es\/wp-content\/uploads\/2023\/01\/Diseno-sin-titulo-2023-01-20T133446.178.png","type":"image\/png"}],"twitter_card":"summary_large_image","twitter_misc":{"Temps estimat de lectura":"1 minut"},"schema":{"@context":"https:\/\/schema.org","@graph":[{"@type":"WebPage","@id":"https:\/\/www.takeeateasy.es\/ca\/plats-preparats\/pollastre-verdures-al-vapor\/","url":"https:\/\/www.takeeateasy.es\/ca\/plats-preparats\/pollastre-verdures-al-vapor\/","name":"Pollastre i verdures al vapor | Take Eat Easy","isPartOf":{"@id":"https:\/\/www.takeeateasy.es\/#website"},"primaryImageOfPage":{"@id":"https:\/\/www.takeeateasy.es\/ca\/plats-preparats\/pollastre-verdures-al-vapor\/#primaryimage"},"image":{"@id":"https:\/\/www.takeeateasy.es\/ca\/plats-preparats\/pollastre-verdures-al-vapor\/#primaryimage"},"thumbnailUrl":"https:\/\/www.takeeateasy.es\/wp-content\/uploads\/2023\/01\/Diseno-sin-titulo-2023-01-20T133446.178.png","datePublished":"2023-01-20T08:45:24+00:00","dateModified":"2026-02-09T14:52:52+00:00","description":"Pollastre amb verdures al vapor de Take Eat Easy. Un plat suau per a un \u00e0pat lleuger, baix en calories. Prova'l ara!","breadcrumb":{"@id":"https:\/\/www.takeeateasy.es\/ca\/plats-preparats\/pollastre-verdures-al-vapor\/#breadcrumb"},"inLanguage":"ca","potentialAction":[{"@type":"ReadAction","target":["https:\/\/www.takeeateasy.es\/ca\/plats-preparats\/pollastre-verdures-al-vapor\/"]}]},{"@type":"ImageObject","inLanguage":"ca","@id":"https:\/\/www.takeeateasy.es\/ca\/plats-preparats\/pollastre-verdures-al-vapor\/#primaryimage","url":"https:\/\/www.takeeateasy.es\/wp-content\/uploads\/2023\/01\/Diseno-sin-titulo-2023-01-20T133446.178.png","contentUrl":"https:\/\/www.takeeateasy.es\/wp-content\/uploads\/2023\/01\/Diseno-sin-titulo-2023-01-20T133446.178.png","width":800,"height":534},{"@type":"BreadcrumbList","@id":"https:\/\/www.takeeateasy.es\/ca\/plats-preparats\/pollastre-verdures-al-vapor\/#breadcrumb","itemListElement":[{"@type":"ListItem","position":1,"name":"Portada","item":"https:\/\/www.takeeateasy.es\/ca\/"},{"@type":"ListItem","position":2,"name":"Shop","item":"https:\/\/www.takeeateasy.es\/ca\/shop\/"},{"@type":"ListItem","position":3,"name":"POLLASTRE &#038; VERDURES AL VAPOR"}]},{"@type":"WebSite","@id":"https:\/\/www.takeeateasy.es\/#website","url":"https:\/\/www.takeeateasy.es\/","name":"Take Eat Easy","description":"","potentialAction":[{"@type":"SearchAction","target":{"@type":"EntryPoint","urlTemplate":"https:\/\/www.takeeateasy.es\/?s={search_term_string}"},"query-input":{"@type":"PropertyValueSpecification","valueRequired":true,"valueName":"search_term_string"}}],"inLanguage":"ca"}]}},"jetpack_sharing_enabled":true,"_links":{"self":[{"href":"https:\/\/www.takeeateasy.es\/ca\/wp-json\/wp\/v2\/product\/1260"}],"collection":[{"href":"https:\/\/www.takeeateasy.es\/ca\/wp-json\/wp\/v2\/product"}],"about":[{"href":"https:\/\/www.takeeateasy.es\/ca\/wp-json\/wp\/v2\/types\/product"}],"wp:featuredmedia":[{"embeddable":true,"href":"https:\/\/www.takeeateasy.es\/ca\/wp-json\/wp\/v2\/media\/1312"}],"wp:attachment":[{"href":"https:\/\/www.takeeateasy.es\/ca\/wp-json\/wp\/v2\/media?parent=1260"}],"wp:term":[{"taxonomy":"product_cat","embeddable":true,"href":"https:\/\/www.takeeateasy.es\/ca\/wp-json\/wp\/v2\/product_cat?post=1260"},{"taxonomy":"product_tag","embeddable":true,"href":"https:\/\/www.takeeateasy.es\/ca\/wp-json\/wp\/v2\/product_tag?post=1260"}],"curies":[{"name":"wp","href":"https:\/\/api.w.org\/{rel}","templated":true}]}}